{"id":8,"date":"2019-04-04T13:42:47","date_gmt":"2019-04-04T13:42:47","guid":{"rendered":"http:\/\/www.masbodva.sk\/?page_id=8"},"modified":"2025-10-01T06:30:05","modified_gmt":"2025-10-01T06:30:05","slug":"aktuality","status":"publish","type":"page","link":"https:\/\/www.masbodva.sk\/index.php\/aktuality\/","title":{"rendered":"Aktuality"},"content":{"rendered":"<p style=\"text-align: justify;\">Aktivita: <strong>IMPLEMENT\u00c1CIA STRAT\u00c9GIE CLLD<\/strong><br \/>Miesto konania: Kult\u00farny dom v obci Turnianska Nov\u00e1 Ves, Turnianska Nov\u00e1 Ves 84, 044 02 Turnianska Nov\u00e1 Ves<br \/>D\u00e1tum konania: 30.09.2025<br \/><a href=\"https:\/\/www.masbodva.sk\/wp-content\/uploads\/2025\/10\/Pozvanka-aktivita-6_2025.pdf\">Pozv\u00e1nka na stiahnutie<\/a><\/p>\n<p style=\"text-align: justify;\">Aktivita: <strong>DE\u0147 OTVOREN\u00ddCH DVER\u00cd MAS<\/strong><br \/>Miesto konania: Zasadacia miestnos\u0165 v priestore obecn\u00e9ho \u00faradu Drienovec, Drienovec 368, 044 01 Drienovec<br \/>D\u00e1tum konania: 11.09.2025<br \/><a href=\"https:\/\/www.masbodva.sk\/wp-content\/uploads\/2025\/10\/Pozvanka-aktivita-5_2025.pdf\">Pozv\u00e1nka na stiahnutie<\/a><\/p>\n<p>Aktivita: <strong>Informa\u010dn\u00fd semin\u00e1r zameran\u00fd na poskytovanie inform\u00e1ci\u00ed a zru\u010dnost\u00ed pri pr\u00edprave \u017eiadost\u00ed (Podopatrenie 7.2)<\/strong><br \/>Miesto konania: Zasadacia miestnos\u0165 v priestore obecn\u00e9ho \u00faradu Dvorn\u00edky \u2013 V\u010del\u00e1re, Dvorn\u00edky \u2013 V\u010del\u00e1re 4, 044 02 Dvorn\u00edky &#8211; V\u010del\u00e1re<br \/>D\u00e1tum konania: 31.03.2025<br \/><a href=\"https:\/\/www.masbodva.sk\/wp-content\/uploads\/2025\/04\/Pozvanka_aktivita-2_2025-31_3_2025.pdf\">Pozv\u00e1nka na stiahnutie<\/a><\/p>\n<p>Aktivita: <strong>PR\u00cdKLADY DOBREJ PRAXE<\/strong><br \/>Miesto konania: Obec Dvorn\u00edky &#8211; V\u010del\u00e1re<br \/>D\u00e1tum konania: 31.03.2025<br \/><a href=\"https:\/\/www.masbodva.sk\/wp-content\/uploads\/2025\/04\/Pozvanka_aktivita-3_2025-31_3_2025.pdf\">Pozv\u00e1nka na stiahnutie<\/a><\/p>\n<p>Aktivita: <strong>Informa\u010dn\u00fd semin\u00e1r zameran\u00fd na poskytovanie inform\u00e1ci\u00ed a zru\u010dnost\u00ed pri pr\u00edprave \u017eiadost\u00ed (Podopatrenie 7.4)<\/strong><br \/>Miesto konania: Zasadacia miestnos\u0165 v priestore obecn\u00e9ho \u00faradu Dvorn\u00edky \u2013 V\u010del\u00e1re, Dvorn\u00edky \u2013 V\u010del\u00e1re 4, 044 02 Dvorn\u00edky &#8211; V\u010del\u00e1re<br \/>D\u00e1tum konania: 31.03.2025<br \/><a href=\"https:\/\/www.masbodva.sk\/wp-content\/uploads\/2025\/04\/Pozvanka_aktivita-4_2025-31_3_2025.pdf\">Pozv\u00e1nka na stiahnutie<\/a><\/p>\n<p>Aktivita: <strong>PR\u00cdKLADY DOBREJ PRAXE<\/strong><br \/>Miesto konania: Obec Re\u0161ica<br \/>D\u00e1tum konania: 08.01.2025<br \/><a href=\"https:\/\/www.masbodva.sk\/wp-content\/uploads\/2025\/01\/Pozvanka_aktivita_1_2025-08_01_2025.pdf\">Pozv\u00e1nka na stiahnutie<\/a><\/p>\n<p>Aktivita: <strong>IMPLEMENT\u00c1CIA STRAT\u00c9GIE CLLD<\/strong><br \/>Miesto konania: Zasadacia miestnos\u0165 v priestore Obecn\u00e9ho \u00faradu, Re\u0161ica 112, 044 73 Re\u0161ica <br \/>D\u00e1tum konania: 19.12.2024<br \/><a href=\"https:\/\/www.masbodva.sk\/wp-content\/uploads\/2025\/01\/Pozvanka_aktivita_7_2024-19_12_2024.pdf\">Pozv\u00e1nka na stiahnutie<\/a><\/p>\n<p>Aktivita: <strong>PR\u00cdKLADY DOBREJ PRAXE<\/strong><br \/>Miesto konania: Obec Kom\u00e1rovce<br \/>D\u00e1tum konania: 30.09.2024<br \/><a href=\"https:\/\/www.masbodva.sk\/wp-content\/uploads\/2024\/10\/Pozvanka_aktivita_5_24_30_9_24.pdf\">Pozv\u00e1nka na stiahnutie<\/a><\/p>\n<p>Aktivita: <strong>DE\u0147 OTVOREN\u00ddCH DVER\u00cd MAS<\/strong><br \/>Miesto konania: Kult\u00farny dom v obci Kom\u00e1rovce, Kom\u00e1rovce 22, 044 55 Kom\u00e1rovce <br \/>D\u00e1tum konania: 30.09.2024<br \/><a href=\"https:\/\/www.masbodva.sk\/wp-content\/uploads\/2024\/10\/Pozvanka_aktivita_6_24_30_9_24.pdf\">Pozv\u00e1nka na stiahnutie<\/a><\/p>\n<p style=\"text-align: justify;\">Aktivita: <strong>Informa\u010dn\u00fd semin\u00e1r zameran\u00fd na poskytovanie inform\u00e1ci\u00ed a zru\u010dnost\u00ed pri pr\u00edprave \u017eiadost\u00ed (Podopatrenie 7.2)<\/strong><br \/>Miesto konania: Obecn\u00fd \u00farad Pa\u0148ovce (zasadacia miestnos\u0165), Pa\u0148ovce 95, 044 71 Pa\u0148ovce <br \/>D\u00e1tum konania: 19.01.2024<br \/><a href=\"https:\/\/www.masbodva.sk\/wp-content\/uploads\/2024\/03\/Pozvanka-aktivita-1_2024-19_1_2024.pdf\">Pozv\u00e1nka na stiahnutie<\/a><\/p>\n<p>Aktivita: <strong>PR\u00cdKLADY DOBREJ PRAXE<\/strong><br \/>Miesto konania: Obec Pa\u0148ovce <br \/>D\u00e1tum konania: 19.01.2024<br \/><a href=\"https:\/\/www.masbodva.sk\/wp-content\/uploads\/2024\/03\/Pozvanka-aktivita-2_2024-19_1_2024.pdf\">Pozv\u00e1nka na stiahnutie<\/a><\/p>\n<p style=\"text-align: justify;\">Aktivita: <strong>Informa\u010dn\u00fd semin\u00e1r zameran\u00fd na poskytovanie inform\u00e1ci\u00ed a zru\u010dnost\u00ed pri pr\u00edprave \u017eiadost\u00ed (Podopatrenie 7.4)<\/strong><br \/>Miesto konania: Obecn\u00fd \u00farad Pa\u0148ovce (zasadacia miestnos\u0165), Pa\u0148ovce 95, 044 71 Pa\u0148ovce <br \/>D\u00e1tum konania: 19.01.2024<br \/><a href=\"https:\/\/www.masbodva.sk\/wp-content\/uploads\/2024\/03\/Pozvanka-aktivita-3_2024-19_1_2024.pdf\">Pozv\u00e1nka na stiahnutie<\/a><\/p>\n<p style=\"text-align: justify;\">Aktivita: <strong>DE\u0147 OTVOREN\u00ddCH DVER\u00cd MAS<\/strong><br \/>Miesto konania: Kult\u00farny dom v obci Cestice, Cestice 89, 044 71 Cestice <br \/>D\u00e1tum konania: 19.03.2024<br \/><a href=\"https:\/\/www.masbodva.sk\/wp-content\/uploads\/2024\/03\/Pozvanka-aktivita-4_2024-19_3_2024.pdf\">Pozv\u00e1nka na stiahnutie<\/a><\/p>\n<hr \/>\n<p style=\"text-align: justify;\">Dovo\u013eujeme si V\u00e1s informova\u0165, \u017ee boli aktualizovan\u00e9 nasledovn\u00e9 pr\u00edlohy V\u00fdziev na predkladanie \u017doPr.:<\/p>\n<ul>\n<li style=\"text-align: justify;\">\u201e<strong>Finan\u010dn\u00e1 anal\u00fdza<\/strong>\u201c \u2013 tabu\u013eka Finan\u010dnej anal\u00fdzy je roz\u0161\u00edren\u00e1 tak, aby umo\u017e\u0148ovala zad\u00e1va\u0165 hodnoty pri majetku, ktor\u00fd je odpisovan\u00fd 40 rokov<\/li>\n<li style=\"text-align: justify;\">\u201e<strong>Ukazovatele hodnotenia finan\u010dnej situ\u00e1cie&#8220;<\/strong> &#8211; \u00faprava zoh\u013ead\u0148uje situ\u00e1cie, kedy \u017eiadate\u013e vykazuje v niektor\u00fdch polo\u017ek\u00e1ch nulov\u00e9 hodnoty, \u010do sp\u00f4sobovalo, \u017ee v tabu\u013eke sa vykazovalo delenie nulou a index ako tak\u00fd nebol vyhodnoten\u00fd<\/li>\n<\/ul>\n<hr \/>\n<p>Obec Jan\u00edk V\u00e1s poz\u00fdva na Jan\u00edcky festival v r\u00e1mci projektu K\u00f6zt\u00e9r<\/p>\n<p><a href=\"https:\/\/www.masbodva.sk\/wp-content\/uploads\/2021\/08\/pozvanka_festival_Janik.pdf\"><em>pozv\u00e1nka na stiahnutie<\/em><\/a><\/p>\n<hr \/>\n<p style=\"text-align: justify;\">Dovo\u013eujeme si V\u00e1s informova\u0165 o Usmernen\u00ed P\u00f4dohospod\u00e1rskej platobnej agent\u00fary pre Miestne ak\u010dn\u00e9 skupiny v s\u00favislosti s mimoriadnou situ\u00e1ciou sp\u00f4sobenou pand\u00e9miou COVID-19.<\/p>\n<ul style=\"text-align: justify;\">\n<li style=\"text-align: justify;\">Pred\u013a\u017eenie niektor\u00fdch leh\u00f4t s\u00favisiacich s administrovan\u00edm \u017eiadost\u00ed a zml\u00fav o poskytnut\u00ed NFP.<\/li>\n<li style=\"text-align: justify;\">Pred\u013a\u017eenie niektor\u00fdch leh\u00f4t a \u010fal\u0161ie odpor\u00fa\u010dania pre MAS.<\/li>\n<li style=\"text-align: justify;\">\u00dapravu niektor\u00fdch povinnost\u00ed s\u00favisiacich s obstar\u00e1van\u00edm tovarov, slu\u017eieb a pr\u00e1c.<\/li>\n<\/ul>\n<p style=\"text-align: justify;\">V s\u00favislosti s mimoriadnou situ\u00e1ciou sp\u00f4sobenou pand\u00e9miou Covid &#8211; 19 PPA vyd\u00e1va <span style=\"text-decoration: underline;\"><strong><a href=\"https:\/\/www.masbodva.sk\/wp-content\/uploads\/2020\/04\/usmernenie-ppa-pre-mas_covid-19.pdf\">usmernenie pre MAS<\/a><\/strong><\/span>, ktor\u00fdm zav\u00e1dza zmier\u0148uj\u00face opatrenie pre implement\u00e1ciu programu.<\/p>\n\n\n<p><\/p>\n","protected":false},"excerpt":{"rendered":"<p>Aktivita: IMPLEMENT\u00c1CIA STRAT\u00c9GIE CLLDMiesto konania: Kult\u00farny dom v obci Turnianska Nov\u00e1 Ves, Turnianska Nov\u00e1 Ves 84, 044 02 Turnianska Nov\u00e1 VesD\u00e1tum konania: 30.09.2025Pozv\u00e1nka na stiahnutie Aktivita: DE\u0147 OTVOREN\u00ddCH DVER\u00cd MASMiesto konania: Zasadacia miestnos\u0165 v priestore obecn\u00e9ho \u00faradu Drienovec, Drienovec 368, 044 01 DrienovecD\u00e1tum konania: 11.09.2025Pozv\u00e1nka na stiahnutie Aktivita: Informa\u010dn\u00fd semin\u00e1r zameran\u00fd na poskytovanie inform\u00e1ci\u00ed a [&hellip;]<\/p>\n","protected":false},"author":1,"featured_media":0,"parent":0,"menu_order":0,"comment_status":"closed","ping_status":"closed","template":"page-templates\/page_fullwidth.php","meta":{"footnotes":""},"class_list":["post-8","page","type-page","status-publish","hentry"],"_links":{"self":[{"href":"https:\/\/www.masbodva.sk\/index.php\/wp-json\/wp\/v2\/pages\/8","targetHints":{"allow":["GET"]}}],"collection":[{"href":"https:\/\/www.masbodva.sk\/index.php\/wp-json\/wp\/v2\/pages"}],"about":[{"href":"https:\/\/www.masbodva.sk\/index.php\/wp-json\/wp\/v2\/types\/page"}],"author":[{"embeddable":true,"href":"https:\/\/www.masbodva.sk\/index.php\/wp-json\/wp\/v2\/users\/1"}],"replies":[{"embeddable":true,"href":"https:\/\/www.masbodva.sk\/index.php\/wp-json\/wp\/v2\/comments?post=8"}],"version-history":[{"count":15,"href":"https:\/\/www.masbodva.sk\/index.php\/wp-json\/wp\/v2\/pages\/8\/revisions"}],"predecessor-version":[{"id":518,"href":"https:\/\/www.masbodva.sk\/index.php\/wp-json\/wp\/v2\/pages\/8\/revisions\/518"}],"wp:attachment":[{"href":"https:\/\/www.masbodva.sk\/index.php\/wp-json\/wp\/v2\/media?parent=8"}],"curies":[{"name":"wp","href":"https:\/\/api.w.org\/{rel}","templated":true}]}}