{"id":73,"date":"2019-04-06T14:41:47","date_gmt":"2019-04-06T14:41:47","guid":{"rendered":"http:\/\/www.masbodva.sk\/?page_id=73"},"modified":"2024-03-22T12:13:02","modified_gmt":"2024-03-22T12:13:02","slug":"dokumenty","status":"publish","type":"page","link":"https:\/\/www.masbodva.sk\/index.php\/dokumenty\/","title":{"rendered":"Dokumenty"},"content":{"rendered":"<p><a href=\"https:\/\/www.masbodva.sk\/wp-content\/uploads\/2019\/04\/mas_bodva_zero.pdf\">K\u00fapna zmluva Zero Ko\u0161ice spol. s r.o.<\/a><\/p>\n<p><a href=\"https:\/\/www.masbodva.sk\/wp-content\/uploads\/2019\/05\/PP19_2.pdf\">Strat\u00e9gia miestneho rozvoja veden\u00e9ho komunitou &#8222;Miestna ak\u010dn\u00e1 skupina Bodva&#8220;<\/a><\/p>\n<p><a href=\"https:\/\/www.masbodva.sk\/wp-content\/uploads\/2019\/05\/PP19_4.pdf\">Anima\u010dn\u00e9 n\u00e1klady MAS Bodva<\/a><\/p>\n<p><a href=\"https:\/\/www.masbodva.sk\/wp-content\/uploads\/2020\/07\/prevadzkove_naklady.pdf\">Financovanie prev\u00e1dzkov\u00fdch n\u00e1kladov MAS Bodva<\/a><\/p>\n<p><a href=\"https:\/\/www.masbodva.sk\/wp-content\/uploads\/2019\/05\/PP511_512.pdf\">Financovanie implement\u00e1cie strat\u00e9gie CLLD MAS BodvaFinancovanie prev\u00e1dzkov\u00fdch n\u00e1kladov MAS Bodva<\/a><\/p>\n<p><a href=\"https:\/\/www.masbodva.sk\/wp-content\/uploads\/2024\/03\/PP-19_4.pdf\">Podpora na prev\u00e1dzkov\u00e9 n\u00e1klady a o\u017eivenie<\/a><\/p>\n\n\n<p><\/p>\n","protected":false},"excerpt":{"rendered":"<p>K\u00fapna zmluva Zero Ko\u0161ice spol. s r.o. Strat\u00e9gia miestneho rozvoja veden\u00e9ho komunitou &#8222;Miestna ak\u010dn\u00e1 skupina Bodva&#8220; Anima\u010dn\u00e9 n\u00e1klady MAS Bodva Financovanie prev\u00e1dzkov\u00fdch n\u00e1kladov MAS Bodva Financovanie implement\u00e1cie strat\u00e9gie CLLD MAS BodvaFinancovanie prev\u00e1dzkov\u00fdch n\u00e1kladov MAS Bodva Podpora na prev\u00e1dzkov\u00e9 n\u00e1klady a o\u017eivenie<\/p>\n","protected":false},"author":1,"featured_media":0,"parent":0,"menu_order":0,"comment_status":"closed","ping_status":"closed","template":"","meta":{"footnotes":""},"class_list":["post-73","page","type-page","status-publish","hentry"],"_links":{"self":[{"href":"https:\/\/www.masbodva.sk\/index.php\/wp-json\/wp\/v2\/pages\/73","targetHints":{"allow":["GET"]}}],"collection":[{"href":"https:\/\/www.masbodva.sk\/index.php\/wp-json\/wp\/v2\/pages"}],"about":[{"href":"https:\/\/www.masbodva.sk\/index.php\/wp-json\/wp\/v2\/types\/page"}],"author":[{"embeddable":true,"href":"https:\/\/www.masbodva.sk\/index.php\/wp-json\/wp\/v2\/users\/1"}],"replies":[{"embeddable":true,"href":"https:\/\/www.masbodva.sk\/index.php\/wp-json\/wp\/v2\/comments?post=73"}],"version-history":[{"count":7,"href":"https:\/\/www.masbodva.sk\/index.php\/wp-json\/wp\/v2\/pages\/73\/revisions"}],"predecessor-version":[{"id":426,"href":"https:\/\/www.masbodva.sk\/index.php\/wp-json\/wp\/v2\/pages\/73\/revisions\/426"}],"wp:attachment":[{"href":"https:\/\/www.masbodva.sk\/index.php\/wp-json\/wp\/v2\/media?parent=73"}],"curies":[{"name":"wp","href":"https:\/\/api.w.org\/{rel}","templated":true}]}}