{"id":7,"date":"2019-04-04T13:42:47","date_gmt":"2019-04-04T13:42:47","guid":{"rendered":"http:\/\/www.masbodva.sk\/?page_id=7"},"modified":"2019-09-11T06:52:45","modified_gmt":"2019-09-11T06:52:45","slug":"o-nas","status":"publish","type":"page","link":"https:\/\/www.masbodva.sk\/index.php\/o-nas\/","title":{"rendered":"Kontakt"},"content":{"rendered":"\n<h3 class=\"wp-block-heading\">Miestna ak\u010dn\u00e1 skupina Bodva <\/h3>\n\n\n<p>Cestice 89<br \/>044 71 Cestice<\/p>\n<p>I\u010cO: 42 408 580<br \/>DI\u010c: 21 20 074 726<\/p>\n<p>Kontakt: +421 911 035 430<br \/>E-mail: masbodvaoz@gmail.com<\/p>\n\n\n<iframe loading=\"lazy\" src=\"https:\/\/www.google.com\/maps\/embed?pb=!1m18!1m12!1m3!1d8573.49702674317!2d21.093330866942466!3d48.59020100684943!2m3!1f0!2f0!3f0!3m2!1i1024!2i768!4f13.1!3m3!1m2!1s0x473f19a99a2238e7%3A0x4872474bf78e5962!2zT2JlY27DvSDDmnJhZCAtIEt1bHTDunJueSBEb20!5e1!3m2!1ssk!2ssk!4v1554648817133!5m2!1ssk!2ssk\" width=\"600\" height=\"450\" frameborder=\"0\" style=\"border:0\" allowfullscreen=\"\"><\/iframe>\n","protected":false},"excerpt":{"rendered":"<p>Miestna ak\u010dn\u00e1 skupina Bodva Cestice 89044 71 Cestice I\u010cO: 42 408 580DI\u010c: 21 20 074 726 Kontakt: +421 911 035 430E-mail: masbodvaoz@gmail.com<\/p>\n","protected":false},"author":1,"featured_media":0,"parent":0,"menu_order":0,"comment_status":"closed","ping_status":"closed","template":"","meta":{"footnotes":""},"class_list":["post-7","page","type-page","status-publish","hentry"],"_links":{"self":[{"href":"https:\/\/www.masbodva.sk\/index.php\/wp-json\/wp\/v2\/pages\/7","targetHints":{"allow":["GET"]}}],"collection":[{"href":"https:\/\/www.masbodva.sk\/index.php\/wp-json\/wp\/v2\/pages"}],"about":[{"href":"https:\/\/www.masbodva.sk\/index.php\/wp-json\/wp\/v2\/types\/page"}],"author":[{"embeddable":true,"href":"https:\/\/www.masbodva.sk\/index.php\/wp-json\/wp\/v2\/users\/1"}],"replies":[{"embeddable":true,"href":"https:\/\/www.masbodva.sk\/index.php\/wp-json\/wp\/v2\/comments?post=7"}],"version-history":[{"count":13,"href":"https:\/\/www.masbodva.sk\/index.php\/wp-json\/wp\/v2\/pages\/7\/revisions"}],"predecessor-version":[{"id":131,"href":"https:\/\/www.masbodva.sk\/index.php\/wp-json\/wp\/v2\/pages\/7\/revisions\/131"}],"wp:attachment":[{"href":"https:\/\/www.masbodva.sk\/index.php\/wp-json\/wp\/v2\/media?parent=7"}],"curies":[{"name":"wp","href":"https:\/\/api.w.org\/{rel}","templated":true}]}}